{"id":988074,"date":"2024-05-20T19:43:48","date_gmt":"2024-05-20T19:43:48","guid":{"rendered":"https:\/\/seeparadies-hagnau.de\/?page_id=988074"},"modified":"2024-06-19T07:45:04","modified_gmt":"2024-06-19T07:45:04","slug":"agbs-hausordnung","status":"publish","type":"page","link":"https:\/\/seeparadies-hagnau.de\/?page_id=988074","title":{"rendered":"AGBs &#038; Hausordnung"},"content":{"rendered":"\t\t<div data-elementor-type=\"wp-page\" data-elementor-id=\"988074\" class=\"elementor elementor-988074\" data-elementor-post-type=\"page\">\n\t\t\t\t<div class=\"elementor-element elementor-element-edc2536 e-flex e-con-boxed e-con e-parent\" data-id=\"edc2536\" data-element_type=\"container\" data-e-type=\"container\" data-settings=\"{&quot;background_background&quot;:&quot;classic&quot;}\">\n\t\t\t\t\t<div class=\"e-con-inner\">\n\t\t\t\t<div class=\"elementor-element elementor-element-828ac9c elementor-widget elementor-widget-spacer\" data-id=\"828ac9c\" data-element_type=\"widget\" data-e-type=\"widget\" data-widget_type=\"spacer.default\">\n\t\t\t\t<div class=\"elementor-widget-container\">\n\t\t\t\t\t\t\t<div class=\"elementor-spacer\">\n\t\t\t<div class=\"elementor-spacer-inner\"><\/div>\n\t\t<\/div>\n\t\t\t\t\t\t<\/div>\n\t\t\t\t<\/div>\n\t\t\t\t<div class=\"elementor-element elementor-element-5c11a73 elementor-widget elementor-widget-heading\" data-id=\"5c11a73\" data-element_type=\"widget\" data-e-type=\"widget\" data-widget_type=\"heading.default\">\n\t\t\t\t<div class=\"elementor-widget-container\">\n\t\t\t\t\t<h2 class=\"elementor-heading-title elementor-size-default\">AGBs &amp; Hausordnung<\/h2>\t\t\t\t<\/div>\n\t\t\t\t<\/div>\n\t\t\t\t<div class=\"elementor-element elementor-element-86a9fd5 elementor-widget elementor-widget-spacer\" data-id=\"86a9fd5\" data-element_type=\"widget\" data-e-type=\"widget\" data-widget_type=\"spacer.default\">\n\t\t\t\t<div class=\"elementor-widget-container\">\n\t\t\t\t\t\t\t<div class=\"elementor-spacer\">\n\t\t\t<div class=\"elementor-spacer-inner\"><\/div>\n\t\t<\/div>\n\t\t\t\t\t\t<\/div>\n\t\t\t\t<\/div>\n\t\t\t\t<div class=\"elementor-element elementor-element-7cfae42 elementor-align-center elementor-widget elementor-widget-button\" data-id=\"7cfae42\" data-element_type=\"widget\" data-e-type=\"widget\" data-widget_type=\"button.default\">\n\t\t\t\t<div class=\"elementor-widget-container\">\n\t\t\t\t\t\t\t\t\t<div class=\"elementor-button-wrapper\">\n\t\t\t\t\t<a class=\"elementor-button elementor-button-link elementor-size-sm\" href=\"https:\/\/seeparadies-hagnau.de\">\n\t\t\t\t\t\t<span class=\"elementor-button-content-wrapper\">\n\t\t\t\t\t\t\t\t\t<span class=\"elementor-button-text\">Zur\u00fcck zur Hauptseite<\/span>\n\t\t\t\t\t<\/span>\n\t\t\t\t\t<\/a>\n\t\t\t\t<\/div>\n\t\t\t\t\t\t\t\t<\/div>\n\t\t\t\t<\/div>\n\t\t\t\t<div class=\"elementor-element elementor-element-e3116a3 elementor-widget elementor-widget-spacer\" data-id=\"e3116a3\" data-element_type=\"widget\" data-e-type=\"widget\" data-widget_type=\"spacer.default\">\n\t\t\t\t<div class=\"elementor-widget-container\">\n\t\t\t\t\t\t\t<div class=\"elementor-spacer\">\n\t\t\t<div class=\"elementor-spacer-inner\"><\/div>\n\t\t<\/div>\n\t\t\t\t\t\t<\/div>\n\t\t\t\t<\/div>\n\t\t\t\t\t<\/div>\n\t\t\t\t<\/div>\n\t\t<div class=\"elementor-element elementor-element-1a26887 e-flex e-con-boxed e-con e-parent\" data-id=\"1a26887\" data-element_type=\"container\" data-e-type=\"container\" data-settings=\"{&quot;background_background&quot;:&quot;classic&quot;}\">\n\t\t\t\t\t<div class=\"e-con-inner\">\n\t\t\t\t<div class=\"elementor-element elementor-element-84fe625 elementor-widget elementor-widget-spacer\" data-id=\"84fe625\" data-element_type=\"widget\" data-e-type=\"widget\" data-widget_type=\"spacer.default\">\n\t\t\t\t<div class=\"elementor-widget-container\">\n\t\t\t\t\t\t\t<div class=\"elementor-spacer\">\n\t\t\t<div class=\"elementor-spacer-inner\"><\/div>\n\t\t<\/div>\n\t\t\t\t\t\t<\/div>\n\t\t\t\t<\/div>\n\t\t\t\t\t<\/div>\n\t\t\t\t<\/div>\n\t\t<div class=\"elementor-element elementor-element-5d7184a e-flex e-con-boxed e-con e-parent\" data-id=\"5d7184a\" data-element_type=\"container\" data-e-type=\"container\" data-settings=\"{&quot;background_background&quot;:&quot;classic&quot;}\">\n\t\t\t\t\t<div class=\"e-con-inner\">\n\t\t\t\t<div class=\"elementor-element elementor-element-3f7e845 elementor-widget elementor-widget-text-editor\" data-id=\"3f7e845\" data-element_type=\"widget\" data-e-type=\"widget\" data-widget_type=\"text-editor.default\">\n\t\t\t\t<div class=\"elementor-widget-container\">\n\t\t\t\t\t\t\t\t\t<h2><span class=\"fontstyle0\">Allgemeine Gesch\u00e4ftsbedingungen f\u00fcr das<br \/>Seeparadies Hagnau, Im Horn 2<\/span><\/h2><p><span class=\"fontstyle0\"><br \/><\/span><span class=\"fontstyle0\">1. Gegenstand und Geltungsbereich dieser allgemeinen<br \/>Gesch\u00e4ftsbedingungen<br \/><\/span><span class=\"fontstyle0\">(1) Diese Allgemeinen Gesch\u00e4ftsbedingungen gelten f\u00fcr Vertr\u00e4ge \u00fcber die mietweise<br \/>\u00dcberlassung der Ferienwohnungen Seeparadies in Hagnau am Bodensee zur Beherbergung<br \/>sowie alle f\u00fcr den Mieter erbrachten weiteren Leistungen und Lieferungen des Anbieters.<br \/>Die Leistungen des Anbieters erfolgen ausschlie\u00dflich aufgrund dieser Allgemeinen<br \/>Gesch\u00e4ftsbedingungen.<br \/>(2) Es gelten ausschlie\u00dflich die AGBs des Vermieters. Entgegenstehende oder von diesen<br \/>AGB abweichende Bedingungen des Mieters, werden nicht anerkannt, es sei denn, dass<br \/>deren Geltung ausdr\u00fccklich schriftlich oder in Textform zugestimmt wurde.<\/span><\/p><p><span class=\"fontstyle0\">2. Angebot, Bestellung und Vertragsabschluss<br \/><\/span><span class=\"fontstyle0\">(1) Die vom Buchungstool angegebenen Preise stellen kein rechtlich bindendes Angebot,<br \/>sondern lediglich eine Aufforderung zur Bestellung dar.<br \/>(2) Mit dem Abschluss des Bestellvorganges gibt der Mieter ein verbindliches Angebot zum<br \/>Vertragsschluss ab. Der Vertrag wird durch Annahme des Angebotes durch den Anbieter<br \/>wirksam geschlossen. Die Vertragsannahme und damit der wirksame Vertragsschluss erfolgt<br \/>per E-Mail oder \u00fcber einen Messenger (z.B. SMS, WhatsApp oder i-message). Die Zusendung<br \/>einer Eingangsbest\u00e4tigung f\u00fcr eine Bestellung stellt noch keinen Vertragsschluss dar.<br \/>(3) Der Mieter hat die M\u00f6glichkeit, den Vertragstext (diese AGBs) w\u00e4hrend des<br \/>Bestellvorganges und vor Vertragsabschluss auszudrucken. Hierzu kann die Druckfunktion<br \/>des Browsers verwendet werden.<br \/>Vor Abschluss des Bestellvorganges, werden die die bei der Bestellung angegebenen Daten<br \/>zusammenfassend angezeigt, sodass der Mieter ggf. noch erforderliche Korrekturen<br \/>vornehmen kann.<br \/>(4) Es besteht ausdr\u00fccklich kein Anspruch auf Abschluss eines Vertrages. Der Anbieter hat<br \/>das Recht, jedes Angebot eines Mieters zum Abschluss eines Vertrages ohne Angabe von<br \/>Gr\u00fcnden abzulehnen.<br \/>(5) Fotos und Text auf der Webseite bzw. im Flyer dienen der realistischen Beschreibung. Die<br \/>100-prozentige \u00dcbereinstimmung mit dem Mietobjekt kann nicht gew\u00e4hrleistet werden. Der<br \/>Vermieter beh\u00e4lt sich \u00c4nderungen der Ausstattung (z. B. M\u00f6bel) vor, sofern sie gleichwertig<br \/>sind.<\/span><\/p><p><span class=\"fontstyle0\">3. Hinweis zum Widerrufsrecht<br \/><\/span><span class=\"fontstyle0\">Bei Fernabsatzvertr\u00e4gen zur Erbringung von Dienstleistungen in den Bereichen<br \/>Beherbergung besteht nach \u00a7 312g Nr. 9 BGB <\/span><span class=\"fontstyle2\">kein Widerrufsrecht<\/span><span class=\"fontstyle0\">.<\/span><\/p><p><span class=\"fontstyle0\">4. Zahlungsbedingungen<br \/><\/span><span class=\"fontstyle0\">(1) Die m\u00f6glichen Zahlungsweisen (z.B. Rechnung) k\u00f6nnen pro Buchungsportal variieren. Die<br \/>M\u00f6glichkeiten der Zahlungsweise werden im Rahmen der Bestellabwicklung und vor<br \/>Absendung der Bestellung angegeben.<br \/>(2) Der Mieter erh\u00e4lt die Rechnung grunds\u00e4tzlich per E-Mail in Form eines PDF-Dokuments.<br \/>Der jeweilige Betrag ist mit Zugang der Rechnung sofort f\u00e4llig und binnen der jeweils in der<br \/>Rechnung genannten Frist zu zahlen.<br \/>Die Anzahlung in H\u00f6he von 20% ist sofort nach der Buchungsbest\u00e4tigung zur Zahlung f\u00e4llig<br \/>und mit der vereinbarten Zahlungsweise zu bezahlen, wenn die Buchung mehr als 90 Tage<br \/>vor der Anreise erfolgt. Nach der erfolgten Anzahlung wird 60 Tage vor Reiseantritt der<br \/>Restbetrag zur Zahlung f\u00e4llig. Bei kurzfristiger Buchung (60 Tage vor Anreise) ist der<br \/>Gesamtbetrag sofort nach Rechnungserhalt f\u00e4llig. Der Zahlungseingang hat sp\u00e4testens 7<br \/>Tage nach der Buchungsbest\u00e4tigung auf dem Konto des Anbieters zu erfolgen.<br \/>Werden die Zahlungsfristen nicht eingehalten, so kann der Vermieter vom Vertrag<br \/>zur\u00fccktreten. Die Nichtzahlung gilt als R\u00fccktritt und berechtigt zur Neuvermietung.<br \/>(3) Bei Zahlungsverzug ist der Vermieter berechtigt, die jeweils geltenden gesetzlichen<br \/>Verzugszinsen in H\u00f6he von derzeit 5% \u00fcber dem Basiszinssatz zu verlangen. F\u00fcr jede<br \/>Mahnung nach Verzugseintritt hat der Kunde Mahnkosten in H\u00f6he von 5,00 Euro an den<br \/>Vermieter zu erstatten. Alle weiteren Kosten, die im Rahmen des Inkassos anfallen, tr\u00e4gt der<br \/>Mieter. Kosten der Zahlung, insbesondere bei \u00dcberweisung aus dem Ausland, tr\u00e4gt der<br \/>Mieter. Alle Bank\u00fcberweisungsgeb\u00fchren sind vollst\u00e4ndig vom Mieter zu tragen, d.h. dem<br \/>Bankkonto des Vermieters ist der volle Rechnungsbetrag spesenfrei gutzuschreiben.<\/span><\/p><p><span class=\"fontstyle0\">5. Stornierung, R\u00fccktritt vom Vertrag<br \/><\/span><span class=\"fontstyle0\">Der Mieter kann jederzeit vom Vertrag zur\u00fccktreten. Der R\u00fccktritt hat schriftlich zu erfolgen.<br \/>Bei einem R\u00fccktritt vom Vertrag werden folgende Stornierungskosten in Rechnung gestellt:<br \/>bis zu 90 Tage vor dem Anreisetag 20% des vereinbarten Preises<br \/>bis zu 60 Tage vor dem Anreisetag 50% des vereinbarten Preises<br \/>in allen anderen F\u00e4llen 90% des vereinbarten Preises<\/span><\/p><p><span class=\"fontstyle0\">6. An- und Abreise<br \/><\/span><span class=\"fontstyle0\">(1) Am Anreisetag steht die Ferienwohnung ab 16.00 Uhr zur Verf\u00fcgung. Sie erhalten<br \/>rechtzeitig vor der Anreise eine Zahlencode, der Ihnen den eigenst\u00e4ndigen Zugang zu Ihrem<br \/>Urlaubsdomizil erm\u00f6glicht. Der Zahlencode hat seine G\u00fcltigkeit f\u00fcr die Zeit Ihres gebuchten<br \/>Aufenthaltes und l\u00e4uft am Abreisetag vormittags ab.<br \/>Schadensersatzanspr\u00fcche k\u00f6nnen nicht geltend gemacht werden, wenn die Ferienwohnung<br \/>ausnahmsweise nicht p\u00fcnktlich um 16:00 Uhr bezogen werden kann.<br \/>(2) Am Abreisetag ist die Ferienwohnung bis 10.00 Uhr morgens zu verlassen. Der Vermieter<br \/>beh\u00e4lt sich vor, eine versp\u00e4tete Abreise in Rechnung zu stellen.<br \/>Die Ferienwohnung ist am Abreisetag besenrein zu hinterlassen. Das Geschirr, Gl\u00e4ser, usw.<br \/>sind zu reinigen und einzur\u00e4umen, die M\u00fclleimer muss entleert und der K\u00fchlschrank<br \/>ausger\u00e4umt sein.<\/span><\/p><p><span class=\"fontstyle0\">7. Zustand der Ferienwohnungen<br \/><\/span><span class=\"fontstyle0\">(1) Die Ferienwohnung wird vom Vermieter in einem ordentlichen und sauberen Zustand mit<br \/>vollst\u00e4ndigem Inventar \u00fcbergeben. Sollten M\u00e4ngel bestehen oder w\u00e4hrend der Mietzeit<br \/>auftreten, ist der Vermieter hiervon unverz\u00fcglich in Kenntnis zu setzen. Der Mieter haftet f\u00fcr<br \/>die von ihm verursachten Sch\u00e4den am Mietobjekt, dem Inventar z.B. kaputtes Geschirr,<br \/>Sch\u00e4den am Fu\u00dfboden oder am Mobiliar. Hierzu z\u00e4hlen auch die Kosten f\u00fcr verlorene<br \/>Schl\u00fcssel.<br \/>(2) Das Inventar ist schonend und pfleglich zu behandeln und nur f\u00fcr den Verbleib in der<br \/>Ferienwohnungen vorgesehen. Das Verstellen von Einrichtungsgegenst\u00e4nden, insbesondere<br \/>Betten, ist untersagt.<br \/>(3) Der Mieter haftet auch f\u00fcr das Verschulden seiner Mitreisenden. Entstandene Sch\u00e4den<br \/>durch h\u00f6here Gewalt sind hiervon ausgeschlossen.<br \/>Sollte eine Haftpflichtversicherung bestehen, ist der Schaden der Versicherung zu melden.<br \/>Dem Vermieter ist der Name und Anschrift, sowie die Versicherungsnummer der<br \/>Versicherung mitzuteilen.<\/span><\/p><p><span class=\"fontstyle0\">8. Haustiere<br \/><\/span><span class=\"fontstyle0\">(1) Die Unterbringung von Haustieren jedweder Art ist in der Ferienwohnung nur<br \/>ausnahmsweise und nur nach vorheriger schriftlicher Zustimmung des Anbieters erlaubt. F\u00fcr<br \/>die Unterbringung von Tieren verlangt der Anbieter einen angemessenen Aufpreis.<br \/>(2) Werden Tiere ohne vorherige Zustimmung des Anbieters untergebracht, kann dieser<br \/>unabh\u00e4ngig von dem r\u00fcckwirkend zu erstattenden erh\u00f6hten Mietzins eine<br \/>Reinigungspauschale in H\u00f6he von bis zu 100,00 Euro (netto) in Rechnung stellen.<\/span><\/p><p><span class=\"fontstyle0\">9. Aufenthalt<br \/><\/span><span class=\"fontstyle0\">(1) Um dem Erholungsbed\u00fcrfnis unserer G\u00e4ste gerecht zu werden, bitten wir um Ihr<br \/>Verst\u00e4ndnis, dass die Ferienwohnung nur von den in der Buchung genannten Personen (am<br \/>Tag und in der Nacht) genutzt werden darf. Ihre G\u00e4ste d\u00fcrfen sich auch tags\u00fcber nicht in der<br \/>Wohnung aufhalten. Sollte die Ferienwohnung von mehr Personen als vereinbart genutzt<br \/>werden, ist f\u00fcr diese r\u00fcckwirkend ein gesondertes Entgelt zu zahlen, welches sich nach dem<br \/>Mietpreis pro Person bestimmt. Wir behalten uns in diesem Fall das Recht vor, den<br \/>Mietvertrag fristlos zu k\u00fcndigen.<br \/>(2) Die Unter- oder Weitervermietung der Ferienwohnung sowie deren Nutzung zu anderen<br \/>als Wohnzwecken sind grunds\u00e4tzlich nicht erlaubt und bed\u00fcrfen im Ausnahmefall der<br \/>vorherigen schriftlichen Zustimmung des Vermieters.<\/span><\/p><p><span class=\"fontstyle0\">10. R\u00fccktritt durch den Vermieter<br \/><\/span><span class=\"fontstyle0\">(1) Im Falle einer Absage von Vermieterseite, in Folge h\u00f6herer Gewalt oder anderer<br \/>unvorhersehbarer Umst\u00e4nde (wie z.B. bei Unfall oder Krankheit des Vermieters) sowie<br \/>andere nicht zu vertretende Umst\u00e4nde, die die Erf\u00fcllung unm\u00f6glich machen; beschr\u00e4nkt sich<br \/>die Haftung auf die R\u00fcckerstattung der Kosten. Bei berechtigtem R\u00fccktritt entsteht kein<br \/>Anspruch des Kunden auf Schadensersatz &#8211; eine Haftung f\u00fcr Anreise- und Unterkunftskosten<br \/>wird nicht \u00fcbernommen.<br \/>(2) Ein R\u00fccktritt durch den Vermieter kann nach Mietbeginn ohne Einhaltung einer Frist<br \/>erfolgen,<br \/>&#8211; wenn der Mieter den Hausfrieden und\/oder andere Mieter trotz Abmahnung<br \/>nachhaltig st\u00f6rt,<br \/>&#8211; bei vertragswidrigem Gebrauch der Ferienwohnung, wie Untervermietung,<br \/>\u00dcberbelegung,<br \/>&#8211; bei Nichtzahlung des vollen Mietpreises,<br \/>&#8211; bei Verst\u00f6\u00dfen gegen die AGB\u00b4s oder die Hausordnung,<br \/>&#8211; wenn der Mieter sich in solchem Ma\u00dfe vertragswidrig verh\u00e4lt, dass die sofortige<br \/>Aufhebung des Mietvertrages gerechtfertigt ist,<br \/>Der bereits gezahlte Mietzins bleibt bei dem Vermieter. Ein Rechtsanspruch auf R\u00fcckzahlung<br \/>des Mietzinses oder eine Entsch\u00e4digung besteht nicht.<\/span><\/p><p><span class=\"fontstyle0\">11. Datenschutz<br \/><\/span><span class=\"fontstyle0\">(1) Der Vermieter verarbeitet personenbezogenen Daten der Mieter soweit dies f\u00fcr die<br \/>Erbringung seiner Leistungen erforderlich ist.<\/span><br \/><span class=\"fontstyle0\">(2) Eine Weitergabe der personenbezogenen Daten an Dritte findet grunds\u00e4tzlich nicht statt,<br \/>es sei denn, dass dies f\u00fcr die Erbringung der Leistungen gegen\u00fcber dem Mieter erforderlich<br \/>ist.<br \/>Bei Bezahlung mit Paypal oder Kreditkarte, werden die f\u00fcr die Zahlungsabwicklung<br \/>erforderlichen Daten an den jeweiligen Zahlungsdienstleister (z.B. Paypal oder Stripe)<br \/>weitergegeben.<br \/>F\u00fcr Teile der Leistungserbringung werden Dienstleistungen Dritter genutzt, z.B. des<br \/>Webhostings-Providers, mit denen der Vermieter insoweit einen entsprechenden<br \/>Auftragsverarbeitungsvertrag abgeschlossen hat. Der Vermieter tr\u00e4gt Sorge daf\u00fcr, dass die<br \/>Dienstleister die personenbezogenen Daten entweder nicht oder nur bei Vorliegen der<br \/>gesetzlichen Voraussetzungen zur Kenntnis nehmen (k\u00f6nnen).<br \/>(3) Soweit eine Einwilligung zur Verwendung von Daten beim Mieter eingeholt werden<br \/>sollte, wird hiermit darauf hingewiesen, dass der Mieter diese selbstverst\u00e4ndlich jederzeit<br \/>gegen\u00fcber Vermieter mit Wirkung f\u00fcr die Zukunft widerrufen kann.<br \/>(4) Weitere Informationen zum Datenschutz i.S.d. Art. 13 DSGVO k\u00f6nnen den<br \/>Datenschutzhinweisen entnommen werden.<\/span><\/p><p><span class=\"fontstyle0\">12. Haftungsbeschr\u00e4nkung<br \/><\/span><span class=\"fontstyle0\">(1) Der Vermieter hafte bei Vorsatz oder grober Fahrl\u00e4ssigkeit f\u00fcr alle vom Vermieter im<br \/>Zusammenhang mit der Erbringung der vertragsgem\u00e4\u00dfen Leistungen verursachten Sch\u00e4den<br \/>unbeschr\u00e4nkt.<br \/>(2) Bei leichter Fahrl\u00e4ssigkeit haftet der Vermieter im Fall der Verletzung des Lebens, des<br \/>K\u00f6rpers oder der Gesundheit unbeschr\u00e4nkt.<br \/>(3) Im \u00dcbrigen haftet der Vermieter im Zusammenhang mit der Erbringung seiner Leistungen<br \/>nur, soweit er eine wesentliche Vertragspflicht verletzt hat. Als wesentliche<br \/>Vertragspflichten werden dabei abstrakt solche Pflichten bezeichnet, deren Erf\u00fcllung die<br \/>ordnungsgem\u00e4\u00dfe Durchf\u00fchrung des Vertrages \u00fcberhaupt erst erm\u00f6glicht und auf deren<br \/>Einhaltung der Mieter regelm\u00e4\u00dfig vertrauen darf. In diesen F\u00e4llen ist die Haftung auf den<br \/>Ersatz des vorhersehbaren, typischerweise eintretenden Schadens beschr\u00e4nkt, maximal<br \/>jedoch 5.000,00 \u20ac.<br \/>(4) Eine Haftung f\u00fcr eventuelle Ausf\u00e4lle bzw. St\u00f6rungen der Wasser- oder Stromversorgung,<br \/>sowie Ereignisse und Folgen durch h\u00f6here Gewalt ist ausgeschlossen.<br \/>(5) Soweit die Haftung des Vermieters nach den vorgenannten Vorschriften ausgeschlossen<br \/>oder beschr\u00e4nkt wird, gilt dies auch f\u00fcr seine Erf\u00fcllungsgehilfen.<\/span><\/p><p><span class=\"fontstyle0\">13. \u00c4nderungen der Gesch\u00e4ftsbedingungen<\/span><br \/><span class=\"fontstyle0\">(1) Der Vermieter beh\u00e4lt sich vor, diese AGB jederzeit auch innerhalb der bestehenden<br \/>Vertragsverh\u00e4ltnisse zu \u00e4ndern. \u00dcber derartige \u00c4nderungen setzt der Vermieter den Mieter<br \/>mindestens 6 Wochen vor dem geplanten Inkrafttreten der \u00c4nderungen in Kenntnis insofern<br \/>ihn die \u00c4nderungen betreffen.<br \/>(2) Sofern der Mieter nicht innerhalb von 6 Wochen ab Zugang der Mitteilung widerspricht,<br \/>gelten die \u00c4nderungen ab Fristablauf als wirksam vereinbart. In der \u00c4nderungsmitteilung<br \/>wird der Mieter auf sein Widerspruchsrecht und auf die Folgen eines Widerspruchs<br \/>hingewiesen. Im Falle des Widerspruchs steht dem Vermieter das Recht zu, das<br \/>Vertragsverh\u00e4ltnis zum geplanten Inkrafttreten der \u00c4nderungen zu beenden.<br \/>(3) Es gelten jeweils die AGBs in der aktuellen Fassung.<\/span><\/p><p><span class=\"fontstyle0\">14. Schlussbestimmungen<br \/><\/span><span class=\"fontstyle0\">(1) Es gilt das Recht der Bundesrepublik Deutschland, wobei die Geltung des UN-Kaufrechts<br \/>ausgeschlossen wird.<br \/>(2) Ist der Kunde Kaufmann, juristische Person des \u00f6ffentlichen Rechts oder \u00f6ffentlichrechtliches Sonderverm\u00f6gen, so ist Hagnau am Bodensee ausschlie\u00dflicher Gerichtsstand f\u00fcr<br \/>alle Streitigkeiten aus dem Vertragsverh\u00e4ltnis.<br \/>(3) Sollten Bestimmungen dieser Allgemeinen Gesch\u00e4ftsbedingungen unwirksam sein oder<br \/>werden, so ber\u00fchrt dies die Wirksamkeit der \u00fcbrigen Bestimmungen nicht.<br \/>(4) Plattform der Europ\u00e4ischen Kommission zur Online-Streitbeilegung (OS) f\u00fcr<br \/>Verbraucher: https:\/\/ec.europa.eu\/consumers\/odr\/. Der Vermieter ist nicht bereit und nicht<br \/>verpflichtet, an einem Streitbeilegungsverfahren vor einer Verbraucherschlichtungsstelle<br \/>teilzunehmen.<\/span> <\/p>\t\t\t\t\t\t\t\t<\/div>\n\t\t\t\t<\/div>\n\t\t\t\t\t<\/div>\n\t\t\t\t<\/div>\n\t\t\t\t<\/div>\n\t\t","protected":false},"excerpt":{"rendered":"<p>AGBs &#038; Hausordnung Zur\u00fcck zur Hauptseite Allgemeine Gesch\u00e4ftsbedingungen f\u00fcr dasSeeparadies Hagnau, Im Horn 2 1. Gegenstand und Geltungsbereich dieser allgemeinenGesch\u00e4ftsbedingungen(1) Diese Allgemeinen Gesch\u00e4ftsbedingungen gelten f\u00fcr Vertr\u00e4ge \u00fcber die mietweise\u00dcberlassung der Ferienwohnungen Seeparadies in Hagnau am Bodensee zur Beherbergungsowie alle f\u00fcr den Mieter erbrachten weiteren Leistungen und Lieferungen des Anbieters.Die Leistungen des Anbieters erfolgen ausschlie\u00dflich aufgrund [&hellip;]<\/p>\n","protected":false},"author":2,"featured_media":0,"parent":0,"menu_order":0,"comment_status":"closed","ping_status":"closed","template":"","meta":{"inline_featured_image":false,"footnotes":""},"class_list":["post-988074","page","type-page","status-publish","hentry"],"_links":{"self":[{"href":"https:\/\/seeparadies-hagnau.de\/index.php?rest_route=\/wp\/v2\/pages\/988074","targetHints":{"allow":["GET"]}}],"collection":[{"href":"https:\/\/seeparadies-hagnau.de\/index.php?rest_route=\/wp\/v2\/pages"}],"about":[{"href":"https:\/\/seeparadies-hagnau.de\/index.php?rest_route=\/wp\/v2\/types\/page"}],"author":[{"embeddable":true,"href":"https:\/\/seeparadies-hagnau.de\/index.php?rest_route=\/wp\/v2\/users\/2"}],"replies":[{"embeddable":true,"href":"https:\/\/seeparadies-hagnau.de\/index.php?rest_route=%2Fwp%2Fv2%2Fcomments&post=988074"}],"version-history":[{"count":16,"href":"https:\/\/seeparadies-hagnau.de\/index.php?rest_route=\/wp\/v2\/pages\/988074\/revisions"}],"predecessor-version":[{"id":988624,"href":"https:\/\/seeparadies-hagnau.de\/index.php?rest_route=\/wp\/v2\/pages\/988074\/revisions\/988624"}],"wp:attachment":[{"href":"https:\/\/seeparadies-hagnau.de\/index.php?rest_route=%2Fwp%2Fv2%2Fmedia&parent=988074"}],"curies":[{"name":"wp","href":"https:\/\/api.w.org\/{rel}","templated":true}]}}