{"id":988045,"date":"2024-05-20T18:54:16","date_gmt":"2024-05-20T18:54:16","guid":{"rendered":"https:\/\/seeparadies-hagnau.de\/?page_id=988045"},"modified":"2024-06-19T08:27:43","modified_gmt":"2024-06-19T08:27:43","slug":"impressum","status":"publish","type":"page","link":"https:\/\/seeparadies-hagnau.de\/?page_id=988045","title":{"rendered":"Impressum"},"content":{"rendered":"\t\t<div data-elementor-type=\"wp-page\" data-elementor-id=\"988045\" class=\"elementor elementor-988045\" data-elementor-post-type=\"page\">\n\t\t\t\t<div class=\"elementor-element elementor-element-dbcb915 e-flex e-con-boxed e-con e-parent\" data-id=\"dbcb915\" data-element_type=\"container\" data-e-type=\"container\" data-settings=\"{&quot;background_background&quot;:&quot;classic&quot;}\">\n\t\t\t\t\t<div class=\"e-con-inner\">\n\t\t\t\t<div class=\"elementor-element elementor-element-3e374c1 elementor-widget elementor-widget-spacer\" data-id=\"3e374c1\" data-element_type=\"widget\" data-e-type=\"widget\" data-widget_type=\"spacer.default\">\n\t\t\t\t<div class=\"elementor-widget-container\">\n\t\t\t\t\t\t\t<div class=\"elementor-spacer\">\n\t\t\t<div class=\"elementor-spacer-inner\"><\/div>\n\t\t<\/div>\n\t\t\t\t\t\t<\/div>\n\t\t\t\t<\/div>\n\t\t\t\t<div class=\"elementor-element elementor-element-36a3c37 elementor-widget elementor-widget-heading\" data-id=\"36a3c37\" data-element_type=\"widget\" data-e-type=\"widget\" data-widget_type=\"heading.default\">\n\t\t\t\t<div class=\"elementor-widget-container\">\n\t\t\t\t\t<h2 class=\"elementor-heading-title elementor-size-default\">Impressum<\/h2>\t\t\t\t<\/div>\n\t\t\t\t<\/div>\n\t\t\t\t<div class=\"elementor-element elementor-element-e8b9816 elementor-widget elementor-widget-spacer\" data-id=\"e8b9816\" data-element_type=\"widget\" data-e-type=\"widget\" data-widget_type=\"spacer.default\">\n\t\t\t\t<div class=\"elementor-widget-container\">\n\t\t\t\t\t\t\t<div class=\"elementor-spacer\">\n\t\t\t<div class=\"elementor-spacer-inner\"><\/div>\n\t\t<\/div>\n\t\t\t\t\t\t<\/div>\n\t\t\t\t<\/div>\n\t\t\t\t<div class=\"elementor-element elementor-element-e4f0402 elementor-align-center elementor-widget elementor-widget-button\" data-id=\"e4f0402\" data-element_type=\"widget\" data-e-type=\"widget\" data-widget_type=\"button.default\">\n\t\t\t\t<div class=\"elementor-widget-container\">\n\t\t\t\t\t\t\t\t\t<div class=\"elementor-button-wrapper\">\n\t\t\t\t\t<a class=\"elementor-button elementor-button-link elementor-size-sm\" href=\"https:\/\/seeparadies-hagnau.de\">\n\t\t\t\t\t\t<span class=\"elementor-button-content-wrapper\">\n\t\t\t\t\t\t\t\t\t<span class=\"elementor-button-text\">Zur\u00fcck zur Hauptseite<\/span>\n\t\t\t\t\t<\/span>\n\t\t\t\t\t<\/a>\n\t\t\t\t<\/div>\n\t\t\t\t\t\t\t\t<\/div>\n\t\t\t\t<\/div>\n\t\t\t\t<div class=\"elementor-element elementor-element-2f8cfc2 elementor-widget elementor-widget-spacer\" data-id=\"2f8cfc2\" data-element_type=\"widget\" data-e-type=\"widget\" data-widget_type=\"spacer.default\">\n\t\t\t\t<div class=\"elementor-widget-container\">\n\t\t\t\t\t\t\t<div class=\"elementor-spacer\">\n\t\t\t<div class=\"elementor-spacer-inner\"><\/div>\n\t\t<\/div>\n\t\t\t\t\t\t<\/div>\n\t\t\t\t<\/div>\n\t\t\t\t\t<\/div>\n\t\t\t\t<\/div>\n\t\t<div class=\"elementor-element elementor-element-d21a69f e-flex e-con-boxed e-con e-parent\" data-id=\"d21a69f\" data-element_type=\"container\" data-e-type=\"container\" data-settings=\"{&quot;background_background&quot;:&quot;classic&quot;}\">\n\t\t\t\t\t<div class=\"e-con-inner\">\n\t\t\t\t<div class=\"elementor-element elementor-element-e6d44c5 elementor-widget elementor-widget-spacer\" data-id=\"e6d44c5\" data-element_type=\"widget\" data-e-type=\"widget\" data-widget_type=\"spacer.default\">\n\t\t\t\t<div class=\"elementor-widget-container\">\n\t\t\t\t\t\t\t<div class=\"elementor-spacer\">\n\t\t\t<div class=\"elementor-spacer-inner\"><\/div>\n\t\t<\/div>\n\t\t\t\t\t\t<\/div>\n\t\t\t\t<\/div>\n\t\t\t\t<div class=\"elementor-element elementor-element-6258cc9 elementor-widget__width-initial elementor-widget elementor-widget-text-editor\" data-id=\"6258cc9\" data-element_type=\"widget\" data-e-type=\"widget\" data-widget_type=\"text-editor.default\">\n\t\t\t\t<div class=\"elementor-widget-container\">\n\t\t\t\t\t\t\t\t\t<section class=\"simple-page\"><div class=\"container\"><div class=\"row\"><div class=\"col-12\"><div id=\"content\" class=\"it-blog skin-light background-content wrap-wide has-background background-type-color\"><div class=\"container\"><div class=\"row\"><div class=\"entry-content col-md-12 \"><p><b>Verantwortlicher Diensteanbieter:<\/b><\/p><p><strong>Seeparadies Hagnau<\/strong> <br \/>Ingrid Bauer<br \/>Im Horn 2<br \/>88709 Hagnau am Bodensee<br \/>Tel. 0151 68593596<br \/>Steuernummer:59018\/38414<\/p><p>E-Mail: info@seeparadies-hagnau.de<\/p><p><b>Au\u00dfergerichtliche Streitschlichtung\u00a0<\/b><\/p><p>Wir sind nicht bereit oder verpflichtet, an Streitbeilegungsverfahren vor einer Verbraucherschlichtungsstelle teilzunehmen.<\/p><\/div><div class=\"entry-content col-md-12 \"><p><b>Nutzungsbestimmungen:<\/b><\/p><p>Die Nutzung unserer Kontaktdaten wie Postanschriften, Telefon- und Faxnummern sowie E-Mail-Adressen durch Dritte zur \u00dcbersendung von nicht ausdr\u00fccklich angeforderten Informationen ist nicht gestattet. Rechtliche Schritte gegen die Versender derartiger Informationen behalten wir uns ausdr\u00fccklich vor. Inhalt und Struktur unserer Internetseiten sind urheberrechtlich gesch\u00fctzt. Die Vervielf\u00e4ltigung von Informationen oder Daten, insbesondere die Verwendung von Texten, Textteilen oder Bildmaterial, ist ohne unsere vorherige schriftliche Zustimmung nicht gestattet. Zuwiderhandlungen werden straf- und zivilrechtlich verfolgt.<br \/>Alle auf dieser Internetseite genannten Personen widersprechen hiermit jeder kommerziellen Verwendung und Weitergabe ihrer Daten (\u00a7 28 Bundesdatenschutzgesetz BDSG).<\/p><p><b>Urheberrecht<\/b><br \/>Alle auf dieser Internetseite ver\u00f6ffentlichten Beitr\u00e4ge und Abbildungen sind urheberrechtlich gesch\u00fctzt. Jede vom Urheberrechtsgesetz nicht zugelassene Verwertung bedarf der vorherigen schriftlichen Zustimmung des Anbieters. Dies gilt insbesondere f\u00fcr die Vervielf\u00e4ltigung, Bearbeitung, Verarbeitung, Einspeicherung, \u00dcbersetzung bzw. Wiedergabe von Inhalten in Datenbanken oder anderen elektronischen Medien und Systemen. Fotokopien und Downloads von unseren Webseiten d\u00fcrfen nur f\u00fcr den pers\u00f6nlichen, privaten und nichtkommerziellen Gebrauch hergestellt werden.<\/p><p><b>Kommunikation \u00fcber Email<\/b><br \/>Kommunikation \u00fcber E-Mail kann Sicherheitsl\u00fccken aufweisen. Sollten wir eine E-Mail von Ihnen erhalten, gehen wir davon aus, dass wir zu einer Beantwortung per E-Mail berechtigt sind. Sofern Sie dies nicht w\u00fcnschen, m\u00fcssen Sie ausdr\u00fccklich auf eine andere Art der gew\u00fcnschten Kommunikation hinweisen. Vorsorglich weisen wir au\u00dferdem darauf hin, dass die Bearbeitung eingehender E-Mails gegen\u00fcber dem Posteingang und Telefaxmitteilungen grunds\u00e4tzlich nicht vorgezogen wird.<\/p><p><b>Unverbindlichkeit<\/b><br \/>Die Inhalte dieser Internetseite werden von uns mit gr\u00f6\u00dftm\u00f6glicher Sorgfalt recherchiert. Wir \u00fcbernehmen gleichwohl keine Haftung f\u00fcr Richtigkeit, Vollst\u00e4ndigkeit und Aktualit\u00e4t der bereitgestellten Informationen und Beitr\u00e4ge. Letztere stellen die Meinung des jeweiligen Autors dar. M\u00fcndliche und schriftliche Ausk\u00fcnfte, die au\u00dferhalb eines Mandatsverh\u00e4ltnisses erteilt werden, sind unverbindlich.<\/p><\/div><\/div><\/div><\/div><\/div><\/div><\/div><\/section><section><\/section>\t\t\t\t\t\t\t\t<\/div>\n\t\t\t\t<\/div>\n\t\t\t\t\t<\/div>\n\t\t\t\t<\/div>\n\t\t\t\t<\/div>\n\t\t","protected":false},"excerpt":{"rendered":"<p>Impressum Zur\u00fcck zur Hauptseite Verantwortlicher Diensteanbieter: Seeparadies Hagnau Ingrid BauerIm Horn 288709 Hagnau am BodenseeTel. 0151 68593596Steuernummer:59018\/38414 E-Mail: info@seeparadies-hagnau.de Au\u00dfergerichtliche Streitschlichtung\u00a0 Wir sind nicht bereit oder verpflichtet, an Streitbeilegungsverfahren vor einer Verbraucherschlichtungsstelle teilzunehmen. Nutzungsbestimmungen: Die Nutzung unserer Kontaktdaten wie Postanschriften, Telefon- und Faxnummern sowie E-Mail-Adressen durch Dritte zur \u00dcbersendung von nicht ausdr\u00fccklich angeforderten Informationen ist [&hellip;]<\/p>\n","protected":false},"author":2,"featured_media":0,"parent":0,"menu_order":0,"comment_status":"closed","ping_status":"closed","template":"","meta":{"inline_featured_image":false,"footnotes":""},"class_list":["post-988045","page","type-page","status-publish","hentry"],"_links":{"self":[{"href":"https:\/\/seeparadies-hagnau.de\/index.php?rest_route=\/wp\/v2\/pages\/988045","targetHints":{"allow":["GET"]}}],"collection":[{"href":"https:\/\/seeparadies-hagnau.de\/index.php?rest_route=\/wp\/v2\/pages"}],"about":[{"href":"https:\/\/seeparadies-hagnau.de\/index.php?rest_route=\/wp\/v2\/types\/page"}],"author":[{"embeddable":true,"href":"https:\/\/seeparadies-hagnau.de\/index.php?rest_route=\/wp\/v2\/users\/2"}],"replies":[{"embeddable":true,"href":"https:\/\/seeparadies-hagnau.de\/index.php?rest_route=%2Fwp%2Fv2%2Fcomments&post=988045"}],"version-history":[{"count":31,"href":"https:\/\/seeparadies-hagnau.de\/index.php?rest_route=\/wp\/v2\/pages\/988045\/revisions"}],"predecessor-version":[{"id":988643,"href":"https:\/\/seeparadies-hagnau.de\/index.php?rest_route=\/wp\/v2\/pages\/988045\/revisions\/988643"}],"wp:attachment":[{"href":"https:\/\/seeparadies-hagnau.de\/index.php?rest_route=%2Fwp%2Fv2%2Fmedia&parent=988045"}],"curies":[{"name":"wp","href":"https:\/\/api.w.org\/{rel}","templated":true}]}}